{"id":1108,"date":"2023-09-21T16:03:17","date_gmt":"2023-09-21T14:03:17","guid":{"rendered":"https:\/\/erasch.com\/notre-demarche-rse\/"},"modified":"2024-01-02T12:58:49","modified_gmt":"2024-01-02T11:58:49","slug":"unser-csr-ansatz","status":"publish","type":"page","link":"https:\/\/erasch.com\/de\/unser-csr-ansatz\/","title":{"rendered":"Unser CSR-Ansatz"},"content":{"rendered":"<div class=\"row justify-content-center heading\"><div class=\"col-12\">\n<h2 class=\"wp-block-heading has-text-align-center\">UNSERE ZERTIFIZIERUNGEN<\/h2>\n<\/div><\/div>\n\n<div class=\"row justify-content-center columns\">\n<div class=\"wp-block-columns has-3-columns is-layout-flex wp-container-core-columns-is-layout-9d6595d7 wp-block-columns has-3-columns-is-layout-flex\">\n<div class=\"wp-block-column is-layout-flow wp-block-column-is-layout-flow\">\n<figure class=\"wp-block-image size-full\"><img decoding=\"async\" width=\"435\" height=\"211\" src=\"https:\/\/erasch.com\/wp-content\/uploads\/certification-iso.jpg\" alt=\"Norme Iso\" class=\"wp-image-650\" srcset=\"https:\/\/erasch.com\/wp-content\/uploads\/certification-iso.jpg 435w, https:\/\/erasch.com\/wp-content\/uploads\/certification-iso-300x146.jpg 300w, https:\/\/erasch.com\/wp-content\/uploads\/certification-iso-330x160.jpg 330w, https:\/\/erasch.com\/wp-content\/uploads\/certification-iso-180x87.jpg 180w\" sizes=\"(max-width: 435px) 100vw, 435px\" \/><\/figure>\n\n\n<div class=\"row justify-content-center paragraph\"><div class=\"col-12\">\n<p><strong>Hartl\u00f6ten<\/strong><br>gem\u00e4\u00df Norm NF EN ISO 18279<\/p>\n<\/div><\/div><\/div>\n\n\n\n<div class=\"wp-block-column is-layout-flow wp-block-column-is-layout-flow\">\n<figure class=\"wp-block-image size-full\"><img decoding=\"async\" width=\"432\" height=\"211\" src=\"https:\/\/erasch.com\/wp-content\/uploads\/certification-cetim.jpg\" alt=\"Certification CETIM\" class=\"wp-image-651\" srcset=\"https:\/\/erasch.com\/wp-content\/uploads\/certification-cetim.jpg 432w, https:\/\/erasch.com\/wp-content\/uploads\/certification-cetim-300x147.jpg 300w, https:\/\/erasch.com\/wp-content\/uploads\/certification-cetim-330x161.jpg 330w, https:\/\/erasch.com\/wp-content\/uploads\/certification-cetim-180x88.jpg 180w\" sizes=\"(max-width: 432px) 100vw, 432px\" \/><\/figure>\n\n\n<div class=\"row justify-content-center paragraph\"><div class=\"col-12\">\n<p><strong>CETIM-Qualifikation<\/strong><br>Vibrations-, Berstdruck- und Druckimpulspr\u00fcfung Ausfallrate L\u00f6ten &lt; 25 ppm<\/p>\n<\/div><\/div><\/div>\n\n\n\n<div class=\"wp-block-column is-layout-flow wp-block-column-is-layout-flow\">\n<figure class=\"wp-block-image size-full\"><img decoding=\"async\" width=\"432\" height=\"211\" src=\"https:\/\/erasch.com\/wp-content\/uploads\/certification-iso-9001-et-14001.jpg\" alt=\"Certification Iso 9001 et Iso 14001\" class=\"wp-image-629\" srcset=\"https:\/\/erasch.com\/wp-content\/uploads\/certification-iso-9001-et-14001.jpg 432w, https:\/\/erasch.com\/wp-content\/uploads\/certification-iso-9001-et-14001-300x147.jpg 300w, https:\/\/erasch.com\/wp-content\/uploads\/certification-iso-9001-et-14001-330x161.jpg 330w, https:\/\/erasch.com\/wp-content\/uploads\/certification-iso-9001-et-14001-180x88.jpg 180w\" sizes=\"(max-width: 432px) 100vw, 432px\" \/><\/figure>\n\n\n<div class=\"row justify-content-center paragraph\"><div class=\"col-12\">\n<p><strong>Qualit\u00e4t<\/strong><br>ISO 9001 \u2013 ISO 14001<\/p>\n<\/div><\/div><\/div>\n<\/div>\n<\/div>\n\n\n<div style=\"height:65px\" aria-hidden=\"true\" class=\"wp-block-spacer\"><\/div>\n\n\n\n<div id=\"sociaux\" class=\"leftrightmediabloc row align-items-center mediaright block-hero\">\n\t<div class=\"col-12 col-lg-6 imagecontent order-1 order-lg-2\">\n\t\t<img decoding=\"async\" src=\"https:\/\/erasch.com\/wp-content\/uploads\/engagements-sociaux-erasch.jpg\" alt=\"\" class=\"img-fluid\">\t<\/div>\n\t<div class=\"col-12 col-lg-6 textcontent order-2 order-lg-1\">\n\t\t<h2>UNSERE SOZIALE VERANTWORTUNG<\/h2>\n<h3>DAS UNTERNEHMEN F\u00dcR DIE MITARBEITENDEN ATTRAKTIV MACHEN<\/h3>\n<p>Unser Hauptanliegen im Bereich soziale Verantwortung von Unternehmen ist, das Unternehmen zun\u00e4chst attraktiv f\u00fcr die Mitarbeitenden zu machen. Damit wir diese Attraktivit\u00e4t messen und unser Verbesserungspotenzial erkennen k\u00f6nnen, wurde 2018 ein betriebsinternes Barometer eingef\u00fchrt, mit dem auf der Grundlage von 17 Kriterien eine Gesamtbewertung der Attraktivit\u00e4t des Unternehmens ermittelt werden kann. Und wir verpflichten uns, die 4 Themenbereiche, die am schlechtesten bewertet wurden, innerhalb eines Jahres zu bearbeiten.<\/p>\n\n\t\t\t<\/div>\n<\/div>\n\n\n\n\n\n<div style=\"height:80px\" aria-hidden=\"true\" class=\"wp-block-spacer\"><\/div>\n\n\n\n<div id=\"ecologiques\" class=\"leftrightmediabloc row align-items-center medialeft block-hero\">\n\t<div class=\"col-12 col-lg-6 imagecontent order-1\">\n\t\t<img decoding=\"async\" src=\"https:\/\/erasch.com\/wp-content\/uploads\/engagements-ecologiques-erasch2-655x465.png\" alt=\"engagements-ecologiques-erasch.\" class=\"img-fluid\">\t<\/div>\n\t<div class=\"col-12 col-lg-6 textcontent order-2\">\n\t\t<h2>UNSERE \u00d6KOLOGISCHE VERANTWORTUNG<\/h2>\n<h3>ZUR DEKARBONISIERUNG DER INDUSTRIE BEITRAGEN<\/h3>\n<p><strong>erasch<\/strong> hat es sich zur Aufgabe gestellt, seinen Beitrag zur Dekarbonisierung der Industrie zu leisten, indem f\u00fcr komplexe Hydraulikverbindungen einfache L\u00f6sungen angeboten werden. Neben einer kompakteren Hydraulikverbindung setzt <strong>erasch<\/strong> auf einen sparsameren Fertigungsprozess, bei dem der Gasverbrauch um 50 % und der Einsatz von Flussmittelpaste seit 2019 um 33 % reduziert wurden. Nicht zuletzt verursacht der Produktionsstandort Frankreich weniger CO2-Emissionen: bei der Herstellung von Automatenstahl (durchschnittlich 500 kg CO2 pro Tonne in Europa im Vergleich zu 900 kg in China) und bei der Bearbeitung (durchschnittlich 50 g CO2\/kWh in Frankreich im Vergleich zu 550 g in Europe).<\/p>\n\n\t\t\t<\/div>\n<\/div>\n\n\n\n\n\n<div style=\"height:80px\" aria-hidden=\"true\" class=\"wp-block-spacer\"><\/div>\n\n\n\n<div id=\"economiques\" class=\"leftrightmediabloc row align-items-center mediaright block-hero\">\n\t<div class=\"col-12 col-lg-6 imagecontent order-1 order-lg-2\">\n\t\t<img decoding=\"async\" src=\"https:\/\/erasch.com\/wp-content\/uploads\/engagements-economiques-erasch.jpg\" alt=\"\" class=\"img-fluid\">\t<\/div>\n\t<div class=\"col-12 col-lg-6 textcontent order-2 order-lg-1\">\n\t\t<h2>UNSERE WIRTSCHAFLICHE VERANTWORTUNG<\/h2>\n<h3>&#8222;GEWINNE SIND NICHT DAS ZIEL, SONDERN DIE FOLGE&#8220;<\/h3>\n<p>Unser Engagement im Bereich CSR bringt <strong>erasch<\/strong> Gewinne, sie sind die Folge unseres praktischen Handelns und erm\u00f6glichen uns,<\/p>\n<ul>\n<li>die Modernisierung unseres Maschinenparks, damit wir f\u00fcr die Einstellung der Maschinen nur noch ein Drittel der Zeit aufwenden m\u00fcssen;<\/li>\n<li>umfangreiche Investitionen in die Digitalisierung, die sowohl unseren Mitarbeitenden als auch unseren Kunden zugutekommen;<\/li>\n<li>eine Politik der angemessenen Preise.<\/li>\n<\/ul>\n<p>All dies mit sehr hohen Exzellenz-Kriterien.<\/p>\n\n\t\t\t\t\t<a class=\"btn\" href=\"https:\/\/erasch.com\/de\/das-erasch-konzept\/\" target=\"\">\n\t\t\t\tMehr erfahren\t\t\t<\/a>\n\t\t\t<\/div>\n<\/div>\n\n\n\n\n\n<div style=\"height:80px\" aria-hidden=\"true\" class=\"wp-block-spacer\"><\/div>\n","protected":false},"excerpt":{"rendered":"<p>UNSERE ZERTIFIZIERUNGEN Hartl\u00f6tengem\u00e4\u00df Norm NF EN ISO 18279 CETIM-QualifikationVibrations-, Berstdruck- und Druckimpulspr\u00fcfung Ausfallrate L\u00f6ten &lt; 25 ppm Qualit\u00e4tISO 9001 \u2013 ISO 14001<\/p>\n","protected":false},"author":2,"featured_media":0,"parent":0,"menu_order":0,"comment_status":"closed","ping_status":"closed","template":"","meta":{"footnotes":""},"class_list":["post-1108","page","type-page","status-publish","hentry"],"acf":[],"_links":{"self":[{"href":"https:\/\/erasch.com\/de\/wp-json\/wp\/v2\/pages\/1108","targetHints":{"allow":["GET"]}}],"collection":[{"href":"https:\/\/erasch.com\/de\/wp-json\/wp\/v2\/pages"}],"about":[{"href":"https:\/\/erasch.com\/de\/wp-json\/wp\/v2\/types\/page"}],"author":[{"embeddable":true,"href":"https:\/\/erasch.com\/de\/wp-json\/wp\/v2\/users\/2"}],"replies":[{"embeddable":true,"href":"https:\/\/erasch.com\/de\/wp-json\/wp\/v2\/comments?post=1108"}],"version-history":[{"count":15,"href":"https:\/\/erasch.com\/de\/wp-json\/wp\/v2\/pages\/1108\/revisions"}],"predecessor-version":[{"id":1516,"href":"https:\/\/erasch.com\/de\/wp-json\/wp\/v2\/pages\/1108\/revisions\/1516"}],"wp:attachment":[{"href":"https:\/\/erasch.com\/de\/wp-json\/wp\/v2\/media?parent=1108"}],"curies":[{"name":"wp","href":"https:\/\/api.w.org\/{rel}","templated":true}]}}