{"id":1104,"date":"2021-10-29T09:55:02","date_gmt":"2021-10-29T07:55:02","guid":{"rendered":"https:\/\/erasch.com\/mentions-legales\/"},"modified":"2024-01-02T12:56:57","modified_gmt":"2024-01-02T11:56:57","slug":"impressum","status":"publish","type":"page","link":"https:\/\/erasch.com\/de\/impressum\/","title":{"rendered":"Impressum"},"content":{"rendered":"<div class=\"row justify-content-center heading\"><div class=\"col-12\">\n<h2 class=\"wp-block-heading\">1. Gestaltung der Website<\/h2>\n<\/div><\/div>\n\n<div class=\"row justify-content-center paragraph\"><div class=\"col-12\">\n<p>Gem\u00e4\u00df Artikel 6 des Gesetzes Nr. 2004-575 vom 21. Juni 2004 \u00fcber das Vertrauen in die digitale Wirtschaft wird den Benutzern der Website von <strong>erasch <\/strong>die Identit\u00e4t der Betreiber offengelegt:<\/p>\n<\/div><\/div>\n\n<div class=\"row justify-content-center heading\"><div class=\"col-12\">\n<h3 class=\"wp-block-heading\"><br>Inhaber<\/h3>\n<\/div><\/div>\n\n<div class=\"row justify-content-center paragraph\"><div class=\"col-12\">\n<p><strong>erasch<\/strong><br>ZA les moncelli\u00e8res <br>49123 Le Fresne sur Loire<br>Frankreich<br>+33 (0)2 41 39 08 33<\/p>\n<\/div><\/div>\n\n<div class=\"row justify-content-center  list\"><div class=\"col-12\">\n<ul class=\"wp-block-list\">\n<li>Rechtsform: SASU<\/li>\n\n\n\n<li>SIRET: 42807688900016<\/li>\n\n\n\n<li>NAF-Code oder WPA: 2812Z<\/li>\n\n\n\n<li>Stammkapital: 38 500\u20ac<\/li>\n\n\n\n<li>UID-Nummer: FR52428076889<\/li>\n\n\n\n<li>F\u00fcr die Website verantwortlich: Fr\u00e9d\u00e9ric Jouet<\/li>\n<\/ul>\n<\/div><\/div>\n\n<div class=\"row justify-content-center heading\"><div class=\"col-12\">\n<h3 class=\"wp-block-heading\"><br>Webdesign<\/h3>\n<\/div><\/div>\n\n<div class=\"row justify-content-center paragraph\"><div class=\"col-12\">\n<p><strong>B17 Kommunikation<\/strong><br>19, rue du lieutenant Aug\u00e9,<br>44230 Saint-S\u00e9bastien\/Loire<br>Frankreich<br>+33 (0)2 40 89 78 74<\/p>\n<\/div><\/div>\n\n<div class=\"row justify-content-center heading\"><div class=\"col-12\">\n<h3 class=\"wp-block-heading\"><br>Hosting<\/h3>\n<\/div><\/div>\n\n<div class=\"row justify-content-center paragraph\"><div class=\"col-12\">\n<p><strong>OVH<\/strong><br>2 rue Kellermann<br>59100 Roubaix<br><strong>T\u00e9l.<\/strong>&nbsp;1007<\/p>\n<\/div><\/div>\n\n<div class=\"row justify-content-center heading\"><div class=\"col-12\">\n<h3 class=\"wp-block-heading\"><br>Bildnachweise<\/h3>\n<\/div><\/div>\n\n<div class=\"row justify-content-center paragraph\"><div class=\"col-12\">\n<p><strong><strong>Shutterstock \u2013 erasch<\/strong><\/strong><\/p>\n<\/div><\/div>\n\n<div class=\"row justify-content-center heading\"><div class=\"col-12\">\n<h2 class=\"wp-block-heading\"><br>2. Allgemeine Nutzungsbedingungen f\u00fcr die Website und die angebotenen Dienste<\/h2>\n<\/div><\/div>\n\n<div class=\"row justify-content-center paragraph\"><div class=\"col-12\">\n<p>Mit der Nutzung der Website von <strong>erasch<\/strong> werden die Allgemeinen Nutzungsbedingungen anerkannt. Diese Nutzungsbedingungen k\u00f6nnen jederzeit ge\u00e4ndert oder erg\u00e4nzt werden, weshalb die Nutzer der Website von <strong>erasch <\/strong>immer wieder zur Best\u00e4tigung aufgefordert werden.<\/p>\n<\/div><\/div>\n\n<div class=\"row justify-content-center paragraph\"><div class=\"col-12\">\n<p>Diese Website ist normalerweise jederzeit verf\u00fcgbar. F\u00fcr Wartungsarbeiten kann jedoch der Zugang durch <strong>erasch <\/strong>unterbrochen werden. In diesem Fall wird der Zeitrahmen der Unterbrechung bekannt gegeben.<\/p>\n<\/div><\/div>\n\n<div class=\"row justify-content-center paragraph\"><div class=\"col-12\">\n<p>Die Website von <strong>erasch<\/strong> wird regelm\u00e4\u00dfig aktualisiert. Auch das Impressum kann jederzeit ge\u00e4ndert werden. Die Benutzer sind daher angehalten, sich laufend \u00fcber dessen Inhalte informieren..<\/p>\n<\/div><\/div>\n\n<div class=\"row justify-content-center heading\"><div class=\"col-12\">\n<h2 class=\"wp-block-heading\"><br>3. Beschreibung des Unternehmensgegenstandes<\/h2>\n<\/div><\/div>\n\n<div class=\"row justify-content-center paragraph\"><div class=\"col-12\">\n<p>Die Website von <strong>erasch<\/strong> gibt Auskunft \u00fcber den T\u00e4tigkeitsumfang des Unternehmens.<\/p>\n<\/div><\/div>\n\n<div class=\"row justify-content-center paragraph\"><div class=\"col-12\">\n<p><strong>erasch <\/strong>ist bem\u00fcht, im Rahmen seiner\u00a0 Website m\u00f6glichst genaue Informationen zu liefern. Es kann jedoch keine Verantwortung f\u00fcr Fehler, Ungenauigkeiten und M\u00e4ngel bei der Aktualisierung \u00fcbernommen werden, die entweder durch das Unternehmen selbst oder vonseiten Dritter verursacht werden.<\/p>\n<\/div><\/div>\n\n<div class=\"row justify-content-center paragraph\"><div class=\"col-12\">\n<p>Alle Informationen auf der Website von <strong>erasch<\/strong> sind unverbindlich\u00a0 und k\u00f6nnen sich \u00e4ndern. Weiters stellen die Angaben auf der Website von <strong>erasch<\/strong> keinen Anspruch auf Vollst\u00e4ndigkeit. \u00c4nderungen seit der ersten Ver\u00f6ffentlichung der Website sind vorbehalten.<\/p>\n<\/div><\/div>\n\n<div class=\"row justify-content-center heading\"><div class=\"col-12\">\n<h2 class=\"wp-block-heading\"><br>4. Vertragliche Beschr\u00e4nkungen f\u00fcr technische Daten<\/h2>\n<\/div><\/div>\n\n<div class=\"row justify-content-center paragraph\"><div class=\"col-12\">\n<p>Die Website verwendet die JavaScript-Technologie. Sie kann nicht f\u00fcr Sachsch\u00e4den im Zusammenhang mit ihrer Nutzung haftbar gemacht werden. Dar\u00fcber hinaus ist die Website mit einem aktualisierten Browser und einer Hardware anzuwenden, die auf dem neuesten technischen Stand und frei von Viren sind.<\/p>\n<\/div><\/div>\n\n<div class=\"row justify-content-center heading\"><div class=\"col-12\">\n<h2 class=\"wp-block-heading\"><br>5. Urheberrechte<\/h2>\n<\/div><\/div>\n\n<div class=\"row justify-content-center paragraph\"><div class=\"col-12\">\n<p><strong>erasch<\/strong> ist entweder geistiger Eigent\u00fcmer aller im Rahmen der Website verwendeten Texte, Bilder, Grafiken, Logos, icons, Sounds und Software oder h\u00e4lt die jeweiligen Nutzungsrechte. Jede Vervielf\u00e4ltigung, Darstellung, \u00c4nderung, Ver\u00f6ffentlichung, Anpassung der Website oder Teilen davon, unabh\u00e4ngig von ihrer Art, ist verboten, sofern dies durch <strong>erasch <\/strong>nicht schriftlich genehmigt wurde. Jede unbefugte Verwertung der Website oder Teilen davon wird als F\u00e4lschungen angesehen und gem\u00e4\u00df den Artikeln L.335-2 ff. des Gesetzes \u00fcber geistiges Eigentum geahndet.<\/p>\n<\/div><\/div>\n\n<div class=\"row justify-content-center heading\"><div class=\"col-12\">\n<h2 class=\"wp-block-heading\"><br>6. Haftungsbeschr\u00e4nkungen<\/h2>\n<\/div><\/div>\n\n<div class=\"row justify-content-center paragraph\"><div class=\"col-12\">\n<p><strong>erasch <\/strong>haftet nicht f\u00fcr direkte und indirekte Sch\u00e4den an der Hardware des Benutzers, die beim Zugriff auf die Website von <strong>erasch <\/strong>entstehen, sei es aufgrund der Verwendung von Material, das nicht den Anforderungen gem. Punkt 4 entspricht, oder aufgrund von auftretenden Fehlern.<\/p>\n<\/div><\/div>\n\n<div class=\"row justify-content-center paragraph\"><div class=\"col-12\">\n<p><strong>erasch<\/strong> kann auch nicht f\u00fcr indirekte Sch\u00e4den (wie beispielsweise Gesch\u00e4ftsausf\u00e4lle\u00a0 oder verlorene Chancen) nach der Nutzung der Website von <strong>erasch<\/strong> verantwortlich gemacht werden.<\/p>\n<\/div><\/div>\n\n<div class=\"row justify-content-center paragraph\"><div class=\"col-12\">\n<p>Den Nutzern der Website stehen Foren zur Verf\u00fcgung, zum Beispiel um \u00fcber die Kontakt-Seite Fragen zu stellen.\u00a0 <strong>erasch<\/strong> beh\u00e4lt sich das Recht vor, ohne vorherige Mitteilung dar\u00fcber alle Inhalte zu l\u00f6schen, die gegen in Frankreich geltende Rechtsvorschriften, insbesondere die Datenschutzbestimmungen, versto\u00dfen. Gegebenenfalls beh\u00e4lt sich <strong>erasch <\/strong>die M\u00f6glichkeit vor, zivil- und\/oder strafrechtliche Handlungen einzuleiten, insbesondere f\u00fcr den Fall, dass rassistische, beleidigende, verleumderische oder pornografische Inhalte, unabh\u00e4ngig vom verwendeten Medium (Text, Fotografie&#8230;), geteilt werden.\u00a0\u00a0\u00a0\u00a0\u00a0<\/p>\n<\/div><\/div>\n\n<div class=\"row justify-content-center heading\"><div class=\"col-12\">\n<h2 class=\"wp-block-heading\"><br>7. Anwendbares Recht und Gerichtsstand<\/h2>\n<\/div><\/div>\n\n<div class=\"row justify-content-center paragraph\"><div class=\"col-12\">\n<p>Die auf der Website verbreiteten Informationen und die Nutzung dieser Informationen unterliegen ausschlie\u00dflich franz\u00f6sischem Recht. F\u00fcr eventuelle Streitigkeiten im Zusammenhang mit der Nutzung der Website sind ausschlie\u00dflich Gerichte zust\u00e4ndig, die in den Zust\u00e4ndigkeitsbereich des Firmensitzes von <strong>erasch <\/strong>fallen.<\/p>\n<\/div><\/div>\n\n<div class=\"row justify-content-center paragraph\"><div class=\"col-12\">\n<p id=\"block-2db9a087-888e-4f01-86c6-e1291db5d2d0\"><br><\/p>\n<\/div><\/div>","protected":false},"excerpt":{"rendered":"<p>1. Gestaltung der Website Gem\u00e4\u00df Artikel 6 des Gesetzes Nr. 2004-575 vom 21. Juni 2004 \u00fcber das Vertrauen in die digitale Wirtschaft wird den Benutzern der Website von die Identit\u00e4t der Betreiber offengelegt: Inhaber ZA les moncelli\u00e8res 49123 Le Fresne sur LoireFrankreich+33 (0)2 41 39 08 33 Webdesign B17 Kommunikation19, rue du lieutenant Aug\u00e9,44230 Saint-S\u00e9bastien\/LoireFrankreich+33 [&hellip;]<\/p>\n","protected":false},"author":2,"featured_media":0,"parent":0,"menu_order":0,"comment_status":"closed","ping_status":"closed","template":"page-rgpd.php","meta":{"footnotes":""},"class_list":["post-1104","page","type-page","status-publish","hentry"],"acf":[],"_links":{"self":[{"href":"https:\/\/erasch.com\/de\/wp-json\/wp\/v2\/pages\/1104","targetHints":{"allow":["GET"]}}],"collection":[{"href":"https:\/\/erasch.com\/de\/wp-json\/wp\/v2\/pages"}],"about":[{"href":"https:\/\/erasch.com\/de\/wp-json\/wp\/v2\/types\/page"}],"author":[{"embeddable":true,"href":"https:\/\/erasch.com\/de\/wp-json\/wp\/v2\/users\/2"}],"replies":[{"embeddable":true,"href":"https:\/\/erasch.com\/de\/wp-json\/wp\/v2\/comments?post=1104"}],"version-history":[{"count":6,"href":"https:\/\/erasch.com\/de\/wp-json\/wp\/v2\/pages\/1104\/revisions"}],"predecessor-version":[{"id":1554,"href":"https:\/\/erasch.com\/de\/wp-json\/wp\/v2\/pages\/1104\/revisions\/1554"}],"wp:attachment":[{"href":"https:\/\/erasch.com\/de\/wp-json\/wp\/v2\/media?parent=1104"}],"curies":[{"name":"wp","href":"https:\/\/api.w.org\/{rel}","templated":true}]}}